{"id":355,"date":"2023-06-17T08:30:13","date_gmt":"2023-06-17T08:30:13","guid":{"rendered":"https:\/\/www.fabiobarba.it\/?page_id=355"},"modified":"2023-07-04T17:56:35","modified_gmt":"2023-07-04T17:56:35","slug":"gestione-incidenti-stradali","status":"publish","type":"page","link":"https:\/\/sitiwebaroma.it\/fabiobarba\/gestione-incidenti-stradali\/","title":{"rendered":"Gestione incidenti stradali"},"content":{"rendered":"\t\t<div data-elementor-type=\"wp-page\" data-elementor-id=\"355\" class=\"elementor elementor-355\">\n\t\t\t\t\t\t<section class=\"elementor-section elementor-top-section elementor-element elementor-element-2da907b elementor-section-full_width elementor-section-stretched elementor-section-height-default elementor-section-height-default\" data-id=\"2da907b\" data-element_type=\"section\" data-e-type=\"section\" data-settings=\"{&quot;stretch_section&quot;:&quot;section-stretched&quot;}\">\n\t\t\t\t\t\t<div class=\"elementor-container elementor-column-gap-default\">\n\t\t\t\t\t<div class=\"elementor-column elementor-col-100 elementor-top-column elementor-element elementor-element-fd1174e animated-slow elementor-invisible\" data-id=\"fd1174e\" data-element_type=\"column\" data-e-type=\"column\" data-settings=\"{&quot;background_background&quot;:&quot;classic&quot;,&quot;animation&quot;:&quot;zoomIn&quot;}\">\n\t\t\t<div class=\"elementor-widget-wrap elementor-element-populated\">\n\t\t\t\t\t\t<div class=\"elementor-element elementor-element-ae0fcdc elementor-widget elementor-widget-image\" data-id=\"ae0fcdc\" data-element_type=\"widget\" data-e-type=\"widget\" data-widget_type=\"image.default\">\n\t\t\t\t<div class=\"elementor-widget-container\">\n\t\t\t\t\t\t\t\t\t\t\t\t\t\t\t<img fetchpriority=\"high\" decoding=\"async\" width=\"1920\" height=\"902\" src=\"https:\/\/sitiwebaroma.it\/fabiobarba\/wp-content\/uploads\/accident-1409013_1920-e1686990449174.jpg\" class=\"attachment-2048x2048 size-2048x2048 wp-image-363\" alt=\"\" srcset=\"https:\/\/sitiwebaroma.it\/fabiobarba\/wp-content\/uploads\/accident-1409013_1920-e1686990449174.jpg 1920w, https:\/\/sitiwebaroma.it\/fabiobarba\/wp-content\/uploads\/accident-1409013_1920-e1686990449174-300x141.jpg 300w, https:\/\/sitiwebaroma.it\/fabiobarba\/wp-content\/uploads\/accident-1409013_1920-e1686990449174-1024x481.jpg 1024w, https:\/\/sitiwebaroma.it\/fabiobarba\/wp-content\/uploads\/accident-1409013_1920-e1686990449174-768x361.jpg 768w, https:\/\/sitiwebaroma.it\/fabiobarba\/wp-content\/uploads\/accident-1409013_1920-e1686990449174-1536x722.jpg 1536w\" sizes=\"(max-width: 1920px) 100vw, 1920px\" \/>\t\t\t\t\t\t\t\t\t\t\t\t\t\t\t<\/div>\n\t\t\t\t<\/div>\n\t\t\t\t\t<\/div>\n\t\t<\/div>\n\t\t\t\t\t<\/div>\n\t\t<\/section>\n\t\t\t\t<section class=\"elementor-section elementor-top-section elementor-element elementor-element-7ae44b79 elementor-section-boxed elementor-section-height-default elementor-section-height-default\" data-id=\"7ae44b79\" data-element_type=\"section\" data-e-type=\"section\">\n\t\t\t\t\t\t<div class=\"elementor-container elementor-column-gap-default\">\n\t\t\t\t\t<div class=\"elementor-column elementor-col-100 elementor-top-column elementor-element elementor-element-241d8daa\" data-id=\"241d8daa\" data-element_type=\"column\" data-e-type=\"column\">\n\t\t\t<div class=\"elementor-widget-wrap elementor-element-populated\">\n\t\t\t\t\t\t<div class=\"elementor-element elementor-element-7229d73d elementor-widget elementor-widget-text-editor\" data-id=\"7229d73d\" data-element_type=\"widget\" data-e-type=\"widget\" data-widget_type=\"text-editor.default\">\n\t\t\t\t<div class=\"elementor-widget-container\">\n\t\t\t\t\t\t\t\t\t<p>\u00a0<\/p><p>Sei stato coinvolto in un incidente stradale? Sappiamo quanto possa essere stressante affrontare le conseguenze di un infortunio.<\/p><p>\u00c8 qui che entriamo in gioco noi, un team di professionisti specializzati in infortunistica stradale avvocati, periti e medici legali, pronti ad aiutarti in ogni fase del processo. La nostra priorit\u00e0 \u00e8 garantire la tua tranquillit\u00e0 e proteggere i tuoi interessi.<br \/>Ci occupiamo di gestire tutte le pratiche burocratiche, i contatti con le compagnie assicurative la stima dei danni al tuo veicolo redigendo un preventivo di spesa totalmente gratuito, in caso di lesioni fisiche ti faremo seguire direttamente dai nostri medici legali, tutte azioni necessari per ottenere il giusto risarcimento.<\/p><p>La buona notizia \u00e8 che il costo dei nostri servizi sar\u00e0 a carico dell&#8217;assicurazione, quindi non dovrai preoccuparti di spese extra.<\/p><p>La nostra esperienza e conoscenza nel settore ultra trentennale ci consentono di affrontare una vasta gamma di situazioni, dalle lesioni personali al danno materiale, garantendo una consulenza legale adeguata e soluzioni personalizzate. Ci assicuriamo che i tuoi diritti siano difesi e che ricevi il giusto compenso per l&#8217;incidente subito.<\/p><p>Siamo consapevoli che ogni caso \u00e8 unico e richiede un&#8217;attenzione speciale. Per questo motivo, offriamo un servizio personalizzato, ascoltando attentamente la tua storia e i tuoi bisogni, per fornirti la migliore assistenza possibile. La tua soddisfazione \u00e8 la nostra massima priorit\u00e0.<\/p><p>Non rimanere solo a gestire le conseguenze di un incidente stradale, di un danno condominiale di un infortunio sul lavoro o di un caso di malasanit\u00e0. Affidati a noi e lascia che ci occupiamo di tutto.<\/p><p>Contattaci oggi stesso per una consulenza gratuita e senza impegno. Insieme, affronteremo questa sfida e ti aiuteremo a riprendere in mano la tua vita.<\/p><p>\n<div class=\"wpcf7 no-js\" id=\"wpcf7-f49-o1\" lang=\"it-IT\" dir=\"ltr\" data-wpcf7-id=\"49\">\n<div class=\"screen-reader-response\"><p role=\"status\" aria-live=\"polite\" aria-atomic=\"true\"><\/p> <ul><\/ul><\/div>\n<form action=\"\/fabiobarba\/wp-json\/wp\/v2\/pages\/355#wpcf7-f49-o1\" method=\"post\" class=\"wpcf7-form init\" aria-label=\"Modulo di contatto\" novalidate=\"novalidate\" data-status=\"init\">\n<fieldset class=\"hidden-fields-container\"><input type=\"hidden\" name=\"_wpcf7\" value=\"49\" \/><input type=\"hidden\" name=\"_wpcf7_version\" value=\"6.1.5\" \/><input type=\"hidden\" name=\"_wpcf7_locale\" value=\"it_IT\" \/><input type=\"hidden\" name=\"_wpcf7_unit_tag\" value=\"wpcf7-f49-o1\" \/><input type=\"hidden\" name=\"_wpcf7_container_post\" value=\"0\" \/><input type=\"hidden\" name=\"_wpcf7_posted_data_hash\" value=\"\" \/>\n<\/fieldset>\n<p><label> Il tuo nome e cognome<br \/>\n<span class=\"wpcf7-form-control-wrap\" data-name=\"your-name\"><input size=\"40\" maxlength=\"400\" class=\"wpcf7-form-control wpcf7-text wpcf7-validates-as-required\" autocomplete=\"name\" aria-required=\"true\" aria-invalid=\"false\" value=\"\" type=\"text\" name=\"your-name\" \/><\/span> <\/label>\n<\/p>\n<p><label> La tua email<br \/>\n<span class=\"wpcf7-form-control-wrap\" data-name=\"your-email\"><input size=\"40\" maxlength=\"400\" class=\"wpcf7-form-control wpcf7-email wpcf7-validates-as-required wpcf7-text wpcf7-validates-as-email\" autocomplete=\"email\" aria-required=\"true\" aria-invalid=\"false\" value=\"\" type=\"email\" name=\"your-email\" \/><\/span> <\/label>\n<\/p>\n<p><label> Il tuo telefono<br \/>\n<span class=\"wpcf7-form-control-wrap\" data-name=\"tel-898\"><input size=\"40\" maxlength=\"400\" class=\"wpcf7-form-control wpcf7-tel wpcf7-validates-as-required wpcf7-text wpcf7-validates-as-tel\" aria-required=\"true\" aria-invalid=\"false\" value=\"\" type=\"tel\" name=\"tel-898\" \/><\/span> <\/label>\n<\/p>\n<p><label> Oggetto<br \/>\n<span class=\"wpcf7-form-control-wrap\" data-name=\"your-subject\"><input size=\"40\" maxlength=\"400\" class=\"wpcf7-form-control wpcf7-text wpcf7-validates-as-required\" aria-required=\"true\" aria-invalid=\"false\" value=\"\" type=\"text\" name=\"your-subject\" \/><\/span> <\/label>\n<\/p>\n<p><label> Il tuo messaggio<br \/>\n<span class=\"wpcf7-form-control-wrap\" data-name=\"your-message\"><textarea cols=\"40\" rows=\"10\" maxlength=\"2000\" class=\"wpcf7-form-control wpcf7-textarea\" aria-invalid=\"false\" name=\"your-message\"><\/textarea><\/span> <\/label>\n<\/p>\n<p><span class=\"wpcf7-form-control-wrap\" data-name=\"acceptance-228\"><span class=\"wpcf7-form-control wpcf7-acceptance\"><span class=\"wpcf7-list-item\"><label><input type=\"checkbox\" name=\"acceptance-228\" value=\"1\" aria-invalid=\"false\" \/><span class=\"wpcf7-list-item-label\">Accettazione GDPR*<\/span><\/label><\/span><\/span><\/span>\n<\/p>\n<p><input class=\"wpcf7-form-control wpcf7-submit has-spinner\" type=\"submit\" value=\"Invia\" \/>\n<\/p>\n<p>&nbsp;\n<\/p>\n<p><em><span style=\"font-size: 9pt;\">*Con l&#8217;invio del presente modulo acconsento a che questo sito conservi le informazioni inviate cos\u00ec che possano rispondere alla mia richiesta.<\/span><\/em>\n<\/p><div class=\"wpcf7-response-output\" aria-hidden=\"true\"><\/div>\n<\/form>\n<\/div>\n<\/p>\t\t\t\t\t\t\t\t<\/div>\n\t\t\t\t<\/div>\n\t\t\t\t\t<\/div>\n\t\t<\/div>\n\t\t\t\t\t<\/div>\n\t\t<\/section>\n\t\t\t\t<\/div>\n\t\t","protected":false},"excerpt":{"rendered":"<p>\u00a0 Sei stato coinvolto in un incidente stradale? Sappiamo quanto possa essere stressante affrontare le conseguenze di un infortunio. \u00c8 qui che entriamo in gioco noi, un team di professionisti specializzati in infortunistica stradale avvocati, periti e medici legali, pronti ad aiutarti in ogni fase del processo. La nostra priorit\u00e0 [&hellip;]<\/p>\n","protected":false},"author":2,"featured_media":363,"parent":0,"menu_order":0,"comment_status":"closed","ping_status":"closed","template":"","meta":{"_eb_attr":"","_joinchat":[],"footnotes":""},"class_list":["post-355","page","type-page","status-publish","has-post-thumbnail","hentry"],"yoast_head":"<!-- This site is optimized with the Yoast SEO plugin v27.5 - https:\/\/yoast.com\/product\/yoast-seo-wordpress\/ -->\n<title>Gestione incidenti stradali - Fabio Barba<\/title>\n<meta name=\"description\" content=\"Fabio Barba\" \/>\n<meta name=\"robots\" content=\"index, follow, max-snippet:-1, max-image-preview:large, max-video-preview:-1\" \/>\n<link rel=\"canonical\" href=\"https:\/\/sitiwebaroma.it\/fabiobarba\/gestione-incidenti-stradali\/\" \/>\n<meta property=\"og:locale\" content=\"it_IT\" \/>\n<meta property=\"og:type\" content=\"article\" \/>\n<meta property=\"og:title\" content=\"Gestione incidenti stradali - Fabio Barba\" \/>\n<meta property=\"og:description\" content=\"Fabio Barba\" \/>\n<meta property=\"og:url\" content=\"https:\/\/sitiwebaroma.it\/fabiobarba\/gestione-incidenti-stradali\/\" \/>\n<meta property=\"og:site_name\" content=\"Fabio Barba\" \/>\n<meta property=\"article:modified_time\" content=\"2023-07-04T17:56:35+00:00\" \/>\n<meta property=\"og:image\" content=\"https:\/\/sitiwebaroma.it\/fabiobarba\/wp-content\/uploads\/accident-1409013_1920-e1686990449174.jpg\" \/>\n\t<meta property=\"og:image:width\" content=\"1920\" \/>\n\t<meta property=\"og:image:height\" content=\"902\" \/>\n\t<meta property=\"og:image:type\" content=\"image\/jpeg\" \/>\n<meta name=\"twitter:card\" content=\"summary_large_image\" \/>\n<meta name=\"twitter:label1\" content=\"Tempo di lettura stimato\" \/>\n\t<meta name=\"twitter:data1\" content=\"2 minuti\" \/>\n<script type=\"application\/ld+json\" class=\"yoast-schema-graph\">{\"@context\":\"https:\\\/\\\/schema.org\",\"@graph\":[{\"@type\":\"WebPage\",\"@id\":\"https:\\\/\\\/sitiwebaroma.it\\\/fabiobarba\\\/gestione-incidenti-stradali\\\/\",\"url\":\"https:\\\/\\\/sitiwebaroma.it\\\/fabiobarba\\\/gestione-incidenti-stradali\\\/\",\"name\":\"Gestione incidenti stradali - Fabio Barba\",\"isPartOf\":{\"@id\":\"https:\\\/\\\/sitiwebaroma.it\\\/fabiobarba\\\/#website\"},\"primaryImageOfPage\":{\"@id\":\"https:\\\/\\\/sitiwebaroma.it\\\/fabiobarba\\\/gestione-incidenti-stradali\\\/#primaryimage\"},\"image\":{\"@id\":\"https:\\\/\\\/sitiwebaroma.it\\\/fabiobarba\\\/gestione-incidenti-stradali\\\/#primaryimage\"},\"thumbnailUrl\":\"https:\\\/\\\/sitiwebaroma.it\\\/fabiobarba\\\/wp-content\\\/uploads\\\/accident-1409013_1920-e1686990449174.jpg\",\"datePublished\":\"2023-06-17T08:30:13+00:00\",\"dateModified\":\"2023-07-04T17:56:35+00:00\",\"description\":\"Fabio Barba\",\"breadcrumb\":{\"@id\":\"https:\\\/\\\/sitiwebaroma.it\\\/fabiobarba\\\/gestione-incidenti-stradali\\\/#breadcrumb\"},\"inLanguage\":\"it-IT\",\"potentialAction\":[{\"@type\":\"ReadAction\",\"target\":[\"https:\\\/\\\/sitiwebaroma.it\\\/fabiobarba\\\/gestione-incidenti-stradali\\\/\"]}]},{\"@type\":\"ImageObject\",\"inLanguage\":\"it-IT\",\"@id\":\"https:\\\/\\\/sitiwebaroma.it\\\/fabiobarba\\\/gestione-incidenti-stradali\\\/#primaryimage\",\"url\":\"https:\\\/\\\/sitiwebaroma.it\\\/fabiobarba\\\/wp-content\\\/uploads\\\/accident-1409013_1920-e1686990449174.jpg\",\"contentUrl\":\"https:\\\/\\\/sitiwebaroma.it\\\/fabiobarba\\\/wp-content\\\/uploads\\\/accident-1409013_1920-e1686990449174.jpg\",\"width\":1920,\"height\":902},{\"@type\":\"BreadcrumbList\",\"@id\":\"https:\\\/\\\/sitiwebaroma.it\\\/fabiobarba\\\/gestione-incidenti-stradali\\\/#breadcrumb\",\"itemListElement\":[{\"@type\":\"ListItem\",\"position\":1,\"name\":\"Home\",\"item\":\"https:\\\/\\\/sitiwebaroma.it\\\/fabiobarba\\\/\"},{\"@type\":\"ListItem\",\"position\":2,\"name\":\"Gestione incidenti stradali\"}]},{\"@type\":\"WebSite\",\"@id\":\"https:\\\/\\\/sitiwebaroma.it\\\/fabiobarba\\\/#website\",\"url\":\"https:\\\/\\\/sitiwebaroma.it\\\/fabiobarba\\\/\",\"name\":\"Fabio Barba\",\"description\":\"La tua tutela legale\",\"publisher\":{\"@id\":\"https:\\\/\\\/sitiwebaroma.it\\\/fabiobarba\\\/#organization\"},\"potentialAction\":[{\"@type\":\"SearchAction\",\"target\":{\"@type\":\"EntryPoint\",\"urlTemplate\":\"https:\\\/\\\/sitiwebaroma.it\\\/fabiobarba\\\/?s={search_term_string}\"},\"query-input\":{\"@type\":\"PropertyValueSpecification\",\"valueRequired\":true,\"valueName\":\"search_term_string\"}}],\"inLanguage\":\"it-IT\"},{\"@type\":\"Organization\",\"@id\":\"https:\\\/\\\/sitiwebaroma.it\\\/fabiobarba\\\/#organization\",\"name\":\"Fabio Barba\",\"url\":\"https:\\\/\\\/sitiwebaroma.it\\\/fabiobarba\\\/\",\"logo\":{\"@type\":\"ImageObject\",\"inLanguage\":\"it-IT\",\"@id\":\"https:\\\/\\\/sitiwebaroma.it\\\/fabiobarba\\\/#\\\/schema\\\/logo\\\/image\\\/\",\"url\":\"https:\\\/\\\/sitiwebaroma.it\\\/fabiobarba\\\/wp-content\\\/uploads\\\/FB-logo3.png\",\"contentUrl\":\"https:\\\/\\\/sitiwebaroma.it\\\/fabiobarba\\\/wp-content\\\/uploads\\\/FB-logo3.png\",\"width\":469,\"height\":150,\"caption\":\"Fabio Barba\"},\"image\":{\"@id\":\"https:\\\/\\\/sitiwebaroma.it\\\/fabiobarba\\\/#\\\/schema\\\/logo\\\/image\\\/\"}}]}<\/script>\n<!-- \/ Yoast SEO plugin. -->","yoast_head_json":{"title":"Gestione incidenti stradali - Fabio Barba","description":"Fabio Barba","robots":{"index":"index","follow":"follow","max-snippet":"max-snippet:-1","max-image-preview":"max-image-preview:large","max-video-preview":"max-video-preview:-1"},"canonical":"https:\/\/sitiwebaroma.it\/fabiobarba\/gestione-incidenti-stradali\/","og_locale":"it_IT","og_type":"article","og_title":"Gestione incidenti stradali - Fabio Barba","og_description":"Fabio Barba","og_url":"https:\/\/sitiwebaroma.it\/fabiobarba\/gestione-incidenti-stradali\/","og_site_name":"Fabio Barba","article_modified_time":"2023-07-04T17:56:35+00:00","og_image":[{"width":1920,"height":902,"url":"https:\/\/sitiwebaroma.it\/fabiobarba\/wp-content\/uploads\/accident-1409013_1920-e1686990449174.jpg","type":"image\/jpeg"}],"twitter_card":"summary_large_image","twitter_misc":{"Tempo di lettura stimato":"2 minuti"},"schema":{"@context":"https:\/\/schema.org","@graph":[{"@type":"WebPage","@id":"https:\/\/sitiwebaroma.it\/fabiobarba\/gestione-incidenti-stradali\/","url":"https:\/\/sitiwebaroma.it\/fabiobarba\/gestione-incidenti-stradali\/","name":"Gestione incidenti stradali - Fabio Barba","isPartOf":{"@id":"https:\/\/sitiwebaroma.it\/fabiobarba\/#website"},"primaryImageOfPage":{"@id":"https:\/\/sitiwebaroma.it\/fabiobarba\/gestione-incidenti-stradali\/#primaryimage"},"image":{"@id":"https:\/\/sitiwebaroma.it\/fabiobarba\/gestione-incidenti-stradali\/#primaryimage"},"thumbnailUrl":"https:\/\/sitiwebaroma.it\/fabiobarba\/wp-content\/uploads\/accident-1409013_1920-e1686990449174.jpg","datePublished":"2023-06-17T08:30:13+00:00","dateModified":"2023-07-04T17:56:35+00:00","description":"Fabio Barba","breadcrumb":{"@id":"https:\/\/sitiwebaroma.it\/fabiobarba\/gestione-incidenti-stradali\/#breadcrumb"},"inLanguage":"it-IT","potentialAction":[{"@type":"ReadAction","target":["https:\/\/sitiwebaroma.it\/fabiobarba\/gestione-incidenti-stradali\/"]}]},{"@type":"ImageObject","inLanguage":"it-IT","@id":"https:\/\/sitiwebaroma.it\/fabiobarba\/gestione-incidenti-stradali\/#primaryimage","url":"https:\/\/sitiwebaroma.it\/fabiobarba\/wp-content\/uploads\/accident-1409013_1920-e1686990449174.jpg","contentUrl":"https:\/\/sitiwebaroma.it\/fabiobarba\/wp-content\/uploads\/accident-1409013_1920-e1686990449174.jpg","width":1920,"height":902},{"@type":"BreadcrumbList","@id":"https:\/\/sitiwebaroma.it\/fabiobarba\/gestione-incidenti-stradali\/#breadcrumb","itemListElement":[{"@type":"ListItem","position":1,"name":"Home","item":"https:\/\/sitiwebaroma.it\/fabiobarba\/"},{"@type":"ListItem","position":2,"name":"Gestione incidenti stradali"}]},{"@type":"WebSite","@id":"https:\/\/sitiwebaroma.it\/fabiobarba\/#website","url":"https:\/\/sitiwebaroma.it\/fabiobarba\/","name":"Fabio Barba","description":"La tua tutela legale","publisher":{"@id":"https:\/\/sitiwebaroma.it\/fabiobarba\/#organization"},"potentialAction":[{"@type":"SearchAction","target":{"@type":"EntryPoint","urlTemplate":"https:\/\/sitiwebaroma.it\/fabiobarba\/?s={search_term_string}"},"query-input":{"@type":"PropertyValueSpecification","valueRequired":true,"valueName":"search_term_string"}}],"inLanguage":"it-IT"},{"@type":"Organization","@id":"https:\/\/sitiwebaroma.it\/fabiobarba\/#organization","name":"Fabio Barba","url":"https:\/\/sitiwebaroma.it\/fabiobarba\/","logo":{"@type":"ImageObject","inLanguage":"it-IT","@id":"https:\/\/sitiwebaroma.it\/fabiobarba\/#\/schema\/logo\/image\/","url":"https:\/\/sitiwebaroma.it\/fabiobarba\/wp-content\/uploads\/FB-logo3.png","contentUrl":"https:\/\/sitiwebaroma.it\/fabiobarba\/wp-content\/uploads\/FB-logo3.png","width":469,"height":150,"caption":"Fabio Barba"},"image":{"@id":"https:\/\/sitiwebaroma.it\/fabiobarba\/#\/schema\/logo\/image\/"}}]}},"_links":{"self":[{"href":"https:\/\/sitiwebaroma.it\/fabiobarba\/wp-json\/wp\/v2\/pages\/355","targetHints":{"allow":["GET"]}}],"collection":[{"href":"https:\/\/sitiwebaroma.it\/fabiobarba\/wp-json\/wp\/v2\/pages"}],"about":[{"href":"https:\/\/sitiwebaroma.it\/fabiobarba\/wp-json\/wp\/v2\/types\/page"}],"author":[{"embeddable":true,"href":"https:\/\/sitiwebaroma.it\/fabiobarba\/wp-json\/wp\/v2\/users\/2"}],"replies":[{"embeddable":true,"href":"https:\/\/sitiwebaroma.it\/fabiobarba\/wp-json\/wp\/v2\/comments?post=355"}],"version-history":[{"count":0,"href":"https:\/\/sitiwebaroma.it\/fabiobarba\/wp-json\/wp\/v2\/pages\/355\/revisions"}],"wp:featuredmedia":[{"embeddable":true,"href":"https:\/\/sitiwebaroma.it\/fabiobarba\/wp-json\/wp\/v2\/media\/363"}],"wp:attachment":[{"href":"https:\/\/sitiwebaroma.it\/fabiobarba\/wp-json\/wp\/v2\/media?parent=355"}],"curies":[{"name":"wp","href":"https:\/\/api.w.org\/{rel}","templated":true}]}}